{"id":429,"date":"2021-08-13T11:49:41","date_gmt":"2021-08-13T11:49:41","guid":{"rendered":"https:\/\/www.schweitzer-heizungsbau.de\/?page_id=429"},"modified":"2021-09-07T07:04:37","modified_gmt":"2021-09-07T07:04:37","slug":"badneuheiten","status":"publish","type":"page","link":"https:\/\/www.schweitzer-heizungsbau.de\/index.php\/badneuheiten\/","title":{"rendered":"Badneuheiten"},"content":{"rendered":"\t\t<div data-elementor-type=\"wp-page\" data-elementor-id=\"429\" class=\"elementor elementor-429\">\n\t\t\t\t\t\t<section class=\"elementor-section elementor-top-section elementor-element elementor-element-c5ce41a elementor-section-boxed elementor-section-height-default elementor-section-height-default\" data-id=\"c5ce41a\" data-element_type=\"section\" data-e-type=\"section\">\n\t\t\t\t\t\t<div class=\"elementor-container elementor-column-gap-default\">\n\t\t\t\t\t<div class=\"elementor-column elementor-col-100 elementor-top-column elementor-element elementor-element-8c70aab\" data-id=\"8c70aab\" data-element_type=\"column\" data-e-type=\"column\">\n\t\t\t<div class=\"elementor-widget-wrap elementor-element-populated\">\n\t\t\t\t\t\t<div class=\"elementor-element elementor-element-f3e77f7 elementor-widget elementor-widget-image\" data-id=\"f3e77f7\" data-element_type=\"widget\" data-e-type=\"widget\" data-widget_type=\"image.default\">\n\t\t\t\t<div class=\"elementor-widget-container\">\n\t\t\t\t\t\t\t\t\t\t\t\t\t\t\t<img fetchpriority=\"high\" decoding=\"async\" width=\"923\" height=\"502\" src=\"https:\/\/www.schweitzer-heizungsbau.de\/wp-content\/uploads\/2021\/08\/schweitzer-heizungsbau11-1024x557.jpg\" class=\"attachment-large size-large wp-image-377\" alt=\"Schweitzer Heizungsbau11 1024x557\" srcset=\"https:\/\/www.schweitzer-heizungsbau.de\/wp-content\/uploads\/2021\/08\/schweitzer-heizungsbau11-1024x557.jpg 1024w, https:\/\/www.schweitzer-heizungsbau.de\/wp-content\/uploads\/2021\/08\/schweitzer-heizungsbau11-300x163.jpg 300w, https:\/\/www.schweitzer-heizungsbau.de\/wp-content\/uploads\/2021\/08\/schweitzer-heizungsbau11-768x418.jpg 768w, https:\/\/www.schweitzer-heizungsbau.de\/wp-content\/uploads\/2021\/08\/schweitzer-heizungsbau11-1536x835.jpg 1536w, https:\/\/www.schweitzer-heizungsbau.de\/wp-content\/uploads\/2021\/08\/schweitzer-heizungsbau11.jpg 1600w\" sizes=\"(max-width: 923px) 100vw, 923px\" title=\"Badneuheiten\">\t\t\t\t\t\t\t\t\t\t\t\t\t\t\t<\/div>\n\t\t\t\t<\/div>\n\t\t\t\t\t<\/div>\n\t\t<\/div>\n\t\t\t\t\t<\/div>\n\t\t<\/section>\n\t\t\t\t<section class=\"elementor-section elementor-top-section elementor-element elementor-element-5abd626 elementor-section-boxed elementor-section-height-default elementor-section-height-default\" data-id=\"5abd626\" data-element_type=\"section\" data-e-type=\"section\">\n\t\t\t\t\t\t<div class=\"elementor-container elementor-column-gap-default\">\n\t\t\t\t\t<div class=\"elementor-column elementor-col-100 elementor-top-column elementor-element elementor-element-6b588ed\" data-id=\"6b588ed\" data-element_type=\"column\" data-e-type=\"column\">\n\t\t\t<div class=\"elementor-widget-wrap elementor-element-populated\">\n\t\t\t\t\t\t<div class=\"elementor-element elementor-element-94e4bb4 elementor-widget elementor-widget-text-editor\" data-id=\"94e4bb4\" data-element_type=\"widget\" data-e-type=\"widget\" data-widget_type=\"text-editor.default\">\n\t\t\t\t<div class=\"elementor-widget-container\">\n\t\t\t\t\t\t\t\t\t<p>Bei uns bleiben Sie immer auf dem neuesten Stand. Unsere B\u00e4derausstellung wird st\u00e4ndig erneuert, besonders nach Neuheiten-Vorstellungen bei Messen wie z.B. der Internationalen Sanit\u00e4r- und Heizungsmesse in Frankfurt.<\/p>\t\t\t\t\t\t\t\t<\/div>\n\t\t\t\t<\/div>\n\t\t\t\t\t<\/div>\n\t\t<\/div>\n\t\t\t\t\t<\/div>\n\t\t<\/section>\n\t\t\t\t<\/div>\n\t\t","protected":false},"excerpt":{"rendered":"<p>Bei uns bleiben Sie immer auf dem neuesten Stand. Unsere B\u00e4derausstellung wird st\u00e4ndig erneuert, besonders nach Neuheiten-Vorstellungen bei Messen wie z.B. der Internationalen Sanit\u00e4r- und Heizungsmesse in Frankfurt.<\/p>\n","protected":false},"author":1,"featured_media":0,"parent":0,"menu_order":0,"comment_status":"closed","ping_status":"closed","template":"","meta":{"footnotes":""},"class_list":["post-429","page","type-page","status-publish","hentry"],"_links":{"self":[{"href":"https:\/\/www.schweitzer-heizungsbau.de\/index.php\/wp-json\/wp\/v2\/pages\/429","targetHints":{"allow":["GET"]}}],"collection":[{"href":"https:\/\/www.schweitzer-heizungsbau.de\/index.php\/wp-json\/wp\/v2\/pages"}],"about":[{"href":"https:\/\/www.schweitzer-heizungsbau.de\/index.php\/wp-json\/wp\/v2\/types\/page"}],"author":[{"embeddable":true,"href":"https:\/\/www.schweitzer-heizungsbau.de\/index.php\/wp-json\/wp\/v2\/users\/1"}],"replies":[{"embeddable":true,"href":"https:\/\/www.schweitzer-heizungsbau.de\/index.php\/wp-json\/wp\/v2\/comments?post=429"}],"version-history":[{"count":0,"href":"https:\/\/www.schweitzer-heizungsbau.de\/index.php\/wp-json\/wp\/v2\/pages\/429\/revisions"}],"wp:attachment":[{"href":"https:\/\/www.schweitzer-heizungsbau.de\/index.php\/wp-json\/wp\/v2\/media?parent=429"}],"curies":[{"name":"wp","href":"https:\/\/api.w.org\/{rel}","templated":true}]}}