{"id":434,"date":"2021-08-13T11:57:28","date_gmt":"2021-08-13T11:57:28","guid":{"rendered":"https:\/\/www.schweitzer-heizungsbau.de\/?page_id=434"},"modified":"2021-08-13T11:59:37","modified_gmt":"2021-08-13T11:59:37","slug":"baeder-und-fliesenausstellung","status":"publish","type":"page","link":"https:\/\/www.schweitzer-heizungsbau.de\/index.php\/baeder-und-fliesenausstellung\/","title":{"rendered":"B\u00e4der- und Fliesenausstellung"},"content":{"rendered":"\t\t<div data-elementor-type=\"wp-page\" data-elementor-id=\"434\" class=\"elementor elementor-434\">\n\t\t\t\t\t\t<section class=\"elementor-section elementor-top-section elementor-element elementor-element-27c362a elementor-section-boxed elementor-section-height-default elementor-section-height-default\" data-id=\"27c362a\" data-element_type=\"section\" data-e-type=\"section\">\n\t\t\t\t\t\t<div class=\"elementor-container elementor-column-gap-default\">\n\t\t\t\t\t<div class=\"elementor-column elementor-col-100 elementor-top-column elementor-element elementor-element-4848817\" data-id=\"4848817\" data-element_type=\"column\" data-e-type=\"column\">\n\t\t\t<div class=\"elementor-widget-wrap elementor-element-populated\">\n\t\t\t\t\t\t<div class=\"elementor-element elementor-element-a323a28 elementor-widget elementor-widget-text-editor\" data-id=\"a323a28\" data-element_type=\"widget\" data-e-type=\"widget\" data-widget_type=\"text-editor.default\">\n\t\t\t\t<div class=\"elementor-widget-container\">\n\t\t\t\t\t\t\t\t\t<ul><li>Verkauf von Heizung und Sanit\u00e4r zum Selbsteinbau oder mit Komplettinstallation<br \/><br \/><\/li><li>Exklusive B\u00e4derausstellung mit ca. 20 Luxus- und Standardb\u00e4dern<br \/><br \/><\/li><li>Produkte namhafter Hersteller<br \/><br \/><\/li><li>3D-Badplanung<br \/><br \/><\/li><li>Kompetente Beratung<br \/><br \/><\/li><li>Aufma\u00df vor Ort<br \/><br \/><\/li><li>Gro\u00dfe Fliesenauswahl f\u00fcr Ihr ganzes Haus<\/li><\/ul>\t\t\t\t\t\t\t\t<\/div>\n\t\t\t\t<\/div>\n\t\t\t\t\t<\/div>\n\t\t<\/div>\n\t\t\t\t\t<\/div>\n\t\t<\/section>\n\t\t\t\t<section class=\"elementor-section elementor-top-section elementor-element elementor-element-25b7759 elementor-section-boxed elementor-section-height-default elementor-section-height-default\" data-id=\"25b7759\" data-element_type=\"section\" data-e-type=\"section\">\n\t\t\t\t\t\t<div class=\"elementor-container elementor-column-gap-default\">\n\t\t\t\t\t<div class=\"elementor-column elementor-col-100 elementor-top-column elementor-element elementor-element-0aec02c\" data-id=\"0aec02c\" data-element_type=\"column\" data-e-type=\"column\">\n\t\t\t<div class=\"elementor-widget-wrap elementor-element-populated\">\n\t\t\t\t\t\t<div class=\"elementor-element elementor-element-67dd7c9 elementor-widget elementor-widget-image\" data-id=\"67dd7c9\" data-element_type=\"widget\" data-e-type=\"widget\" data-widget_type=\"image.default\">\n\t\t\t\t<div class=\"elementor-widget-container\">\n\t\t\t\t\t\t\t\t\t\t\t\t\t\t\t<img fetchpriority=\"high\" decoding=\"async\" width=\"639\" height=\"1024\" src=\"https:\/\/www.schweitzer-heizungsbau.de\/wp-content\/uploads\/2021\/08\/baederausstellung-639x1024.jpg\" class=\"attachment-large size-large wp-image-436\" alt=\"Baederausstellung 639x1024\" srcset=\"https:\/\/www.schweitzer-heizungsbau.de\/wp-content\/uploads\/2021\/08\/baederausstellung-639x1024.jpg 639w, https:\/\/www.schweitzer-heizungsbau.de\/wp-content\/uploads\/2021\/08\/baederausstellung-187x300.jpg 187w, https:\/\/www.schweitzer-heizungsbau.de\/wp-content\/uploads\/2021\/08\/baederausstellung-768x1230.jpg 768w, https:\/\/www.schweitzer-heizungsbau.de\/wp-content\/uploads\/2021\/08\/baederausstellung.jpg 773w\" sizes=\"(max-width: 639px) 100vw, 639px\" title=\"B\u00e4der- und Fliesenausstellung\">\t\t\t\t\t\t\t\t\t\t\t\t\t\t\t<\/div>\n\t\t\t\t<\/div>\n\t\t\t\t\t<\/div>\n\t\t<\/div>\n\t\t\t\t\t<\/div>\n\t\t<\/section>\n\t\t\t\t<section class=\"elementor-section elementor-top-section elementor-element elementor-element-c94b548 elementor-section-boxed elementor-section-height-default elementor-section-height-default\" data-id=\"c94b548\" data-element_type=\"section\" data-e-type=\"section\">\n\t\t\t\t\t\t<div class=\"elementor-container elementor-column-gap-default\">\n\t\t\t\t\t<div class=\"elementor-column elementor-col-100 elementor-top-column elementor-element elementor-element-00d087e\" data-id=\"00d087e\" data-element_type=\"column\" data-e-type=\"column\">\n\t\t\t<div class=\"elementor-widget-wrap elementor-element-populated\">\n\t\t\t\t\t\t<div class=\"elementor-element elementor-element-59219b2 elementor-widget elementor-widget-text-editor\" data-id=\"59219b2\" data-element_type=\"widget\" data-e-type=\"widget\" data-widget_type=\"text-editor.default\">\n\t\t\t\t<div class=\"elementor-widget-container\">\n\t\t\t\t\t\t\t\t\t<p style=\"text-align: center;\">Beispielbad aus unserer Ausstellung. Team7 Keuco aus echter Venezianischer Eiche<\/p>\t\t\t\t\t\t\t\t<\/div>\n\t\t\t\t<\/div>\n\t\t\t\t\t<\/div>\n\t\t<\/div>\n\t\t\t\t\t<\/div>\n\t\t<\/section>\n\t\t\t\t<\/div>\n\t\t","protected":false},"excerpt":{"rendered":"<p>Verkauf von Heizung und Sanit\u00e4r zum Selbsteinbau oder mit Komplettinstallation Exklusive B\u00e4derausstellung mit ca. 20 Luxus- und Standardb\u00e4dern Produkte namhafter Hersteller 3D-Badplanung Kompetente Beratung Aufma\u00df vor Ort Gro\u00dfe Fliesenauswahl f\u00fcr Ihr ganzes Haus Beispielbad aus unserer Ausstellung. Team7 Keuco aus echter Venezianischer Eiche<\/p>\n","protected":false},"author":1,"featured_media":0,"parent":0,"menu_order":0,"comment_status":"closed","ping_status":"closed","template":"","meta":{"footnotes":""},"class_list":["post-434","page","type-page","status-publish","hentry"],"_links":{"self":[{"href":"https:\/\/www.schweitzer-heizungsbau.de\/index.php\/wp-json\/wp\/v2\/pages\/434","targetHints":{"allow":["GET"]}}],"collection":[{"href":"https:\/\/www.schweitzer-heizungsbau.de\/index.php\/wp-json\/wp\/v2\/pages"}],"about":[{"href":"https:\/\/www.schweitzer-heizungsbau.de\/index.php\/wp-json\/wp\/v2\/types\/page"}],"author":[{"embeddable":true,"href":"https:\/\/www.schweitzer-heizungsbau.de\/index.php\/wp-json\/wp\/v2\/users\/1"}],"replies":[{"embeddable":true,"href":"https:\/\/www.schweitzer-heizungsbau.de\/index.php\/wp-json\/wp\/v2\/comments?post=434"}],"version-history":[{"count":0,"href":"https:\/\/www.schweitzer-heizungsbau.de\/index.php\/wp-json\/wp\/v2\/pages\/434\/revisions"}],"wp:attachment":[{"href":"https:\/\/www.schweitzer-heizungsbau.de\/index.php\/wp-json\/wp\/v2\/media?parent=434"}],"curies":[{"name":"wp","href":"https:\/\/api.w.org\/{rel}","templated":true}]}}