{"id":484,"date":"2021-08-30T12:47:51","date_gmt":"2021-08-30T12:47:51","guid":{"rendered":"https:\/\/www.schweitzer-heizungsbau.de\/?page_id=484"},"modified":"2024-02-23T11:14:51","modified_gmt":"2024-02-23T11:14:51","slug":"heizungssysteme","status":"publish","type":"page","link":"https:\/\/www.schweitzer-heizungsbau.de\/index.php\/heizungssysteme\/","title":{"rendered":"Heizungssysteme"},"content":{"rendered":"\t\t<div data-elementor-type=\"wp-page\" data-elementor-id=\"484\" class=\"elementor elementor-484\">\n\t\t\t\t\t\t<section class=\"elementor-section elementor-top-section elementor-element elementor-element-669d6fb2 elementor-section-boxed elementor-section-height-default elementor-section-height-default\" data-id=\"669d6fb2\" data-element_type=\"section\" data-e-type=\"section\">\n\t\t\t\t\t\t<div class=\"elementor-container elementor-column-gap-default\">\n\t\t\t\t\t<div class=\"elementor-column elementor-col-100 elementor-top-column elementor-element elementor-element-77bf109b\" data-id=\"77bf109b\" data-element_type=\"column\" data-e-type=\"column\">\n\t\t\t<div class=\"elementor-widget-wrap elementor-element-populated\">\n\t\t\t\t\t\t<div class=\"elementor-element elementor-element-1e286dae elementor-widget elementor-widget-text-editor\" data-id=\"1e286dae\" data-element_type=\"widget\" data-e-type=\"widget\" data-widget_type=\"text-editor.default\">\n\t\t\t\t<div class=\"elementor-widget-container\">\n\t\t\t\t\t\t\t\t\t<p>Sie brauchen eine Heizung oder wollen modernisieren?<\/p><p>Ihre Vorteile sind sinkende Kosten, mehr Komfort und eine geringere Umweltbelastung.<br \/>Wir zeigen Ihnen wie man die richtige Heizung finden und Energie sparen kann:<\/p><ul><li>\u00d6l\/Gasheizungen<\/li><li>Brennwerttechnik Gas\/\u00d6l<\/li><li>Kaminsanierung<\/li><li>kontrollierte Wohnrauml\u00fcftung<\/li><li>Klimaanlagen<\/li><li>Pflanzen\u00f6lbrenner<\/li><li>Kamin\u00f6fen f\u00fcr Holz und Pellets<\/li><li>Luft\/Wasser W\u00e4rmepumpen f\u00fcr Innen-u. Au\u00dfenaufstellung<\/li><li>Sole\/Wasser W\u00e4rmepumpen\u00a0f\u00fcr Tiefenbohrung oder Fl\u00e4chenlegung<\/li><li>Wasser\/Wasser W\u00e4rmepumpen\u00a0f\u00fcr Brunnenwasser<\/li><li>Luft-Wasser-W\u00e4rmepumpe f\u00fcr Trinkwasser<\/li><li>Kombikessel Scheitholz (Fr\u00f6ling)<\/li><li>Pelletskessel (\u00d6kofen)<\/li><\/ul>\t\t\t\t\t\t\t\t<\/div>\n\t\t\t\t<\/div>\n\t\t\t\t\t<\/div>\n\t\t<\/div>\n\t\t\t\t\t<\/div>\n\t\t<\/section>\n\t\t\t\t<section class=\"elementor-section elementor-top-section elementor-element elementor-element-f2d3364 elementor-section-boxed elementor-section-height-default elementor-section-height-default\" data-id=\"f2d3364\" data-element_type=\"section\" data-e-type=\"section\">\n\t\t\t\t\t\t<div class=\"elementor-container elementor-column-gap-default\">\n\t\t\t\t\t<div class=\"elementor-column elementor-col-100 elementor-top-column elementor-element elementor-element-76bb47b\" data-id=\"76bb47b\" data-element_type=\"column\" data-e-type=\"column\">\n\t\t\t<div class=\"elementor-widget-wrap elementor-element-populated\">\n\t\t\t\t\t\t<section class=\"elementor-section elementor-inner-section elementor-element elementor-element-665661c elementor-section-boxed elementor-section-height-default elementor-section-height-default\" data-id=\"665661c\" data-element_type=\"section\" data-e-type=\"section\">\n\t\t\t\t\t\t<div class=\"elementor-container elementor-column-gap-default\">\n\t\t\t\t\t<div class=\"elementor-column elementor-col-50 elementor-inner-column elementor-element elementor-element-aa6aad7\" data-id=\"aa6aad7\" data-element_type=\"column\" data-e-type=\"column\">\n\t\t\t<div class=\"elementor-widget-wrap elementor-element-populated\">\n\t\t\t\t\t\t<div class=\"elementor-element elementor-element-55fb9d5 elementor-widget elementor-widget-image\" data-id=\"55fb9d5\" data-element_type=\"widget\" data-e-type=\"widget\" data-widget_type=\"image.default\">\n\t\t\t\t<div class=\"elementor-widget-container\">\n\t\t\t\t\t\t\t\t\t\t\t\t\t\t\t<img fetchpriority=\"high\" decoding=\"async\" width=\"193\" height=\"388\" src=\"https:\/\/www.schweitzer-heizungsbau.de\/wp-content\/uploads\/2021\/08\/heizungssysteme1.png\" class=\"attachment-large size-large wp-image-488\" alt=\"Heizungssysteme1\" srcset=\"https:\/\/www.schweitzer-heizungsbau.de\/wp-content\/uploads\/2021\/08\/heizungssysteme1.png 193w, https:\/\/www.schweitzer-heizungsbau.de\/wp-content\/uploads\/2021\/08\/heizungssysteme1-149x300.png 149w\" sizes=\"(max-width: 193px) 100vw, 193px\" title=\"Heizungssysteme\">\t\t\t\t\t\t\t\t\t\t\t\t\t\t\t<\/div>\n\t\t\t\t<\/div>\n\t\t\t\t\t<\/div>\n\t\t<\/div>\n\t\t\t\t<div class=\"elementor-column elementor-col-50 elementor-inner-column elementor-element elementor-element-5130cf3\" data-id=\"5130cf3\" data-element_type=\"column\" data-e-type=\"column\">\n\t\t\t<div class=\"elementor-widget-wrap elementor-element-populated\">\n\t\t\t\t\t\t<div class=\"elementor-element elementor-element-a124414 elementor-widget elementor-widget-image\" data-id=\"a124414\" data-element_type=\"widget\" data-e-type=\"widget\" data-widget_type=\"image.default\">\n\t\t\t\t<div class=\"elementor-widget-container\">\n\t\t\t\t\t\t\t\t\t\t\t\t\t\t\t<img decoding=\"async\" width=\"254\" height=\"381\" src=\"https:\/\/www.schweitzer-heizungsbau.de\/wp-content\/uploads\/2021\/08\/heizungssysteme2.jpg\" class=\"attachment-large size-large wp-image-487\" alt=\"Heizungssysteme2\" srcset=\"https:\/\/www.schweitzer-heizungsbau.de\/wp-content\/uploads\/2021\/08\/heizungssysteme2.jpg 254w, https:\/\/www.schweitzer-heizungsbau.de\/wp-content\/uploads\/2021\/08\/heizungssysteme2-200x300.jpg 200w\" sizes=\"(max-width: 254px) 100vw, 254px\" title=\"Heizungssysteme\">\t\t\t\t\t\t\t\t\t\t\t\t\t\t\t<\/div>\n\t\t\t\t<\/div>\n\t\t\t\t\t<\/div>\n\t\t<\/div>\n\t\t\t\t\t<\/div>\n\t\t<\/section>\n\t\t\t\t\t<\/div>\n\t\t<\/div>\n\t\t\t\t\t<\/div>\n\t\t<\/section>\n\t\t\t\t<section class=\"elementor-section elementor-top-section elementor-element elementor-element-ac045c7 elementor-section-boxed elementor-section-height-default elementor-section-height-default\" data-id=\"ac045c7\" data-element_type=\"section\" data-e-type=\"section\">\n\t\t\t\t\t\t<div class=\"elementor-container elementor-column-gap-default\">\n\t\t\t\t\t<div class=\"elementor-column elementor-col-100 elementor-top-column elementor-element elementor-element-f5f424d\" data-id=\"f5f424d\" data-element_type=\"column\" data-e-type=\"column\">\n\t\t\t<div class=\"elementor-widget-wrap elementor-element-populated\">\n\t\t\t\t\t\t<div class=\"elementor-element elementor-element-63aefb3 elementor-widget elementor-widget-spacer\" data-id=\"63aefb3\" data-element_type=\"widget\" data-e-type=\"widget\" data-widget_type=\"spacer.default\">\n\t\t\t\t<div class=\"elementor-widget-container\">\n\t\t\t\t\t\t\t<div class=\"elementor-spacer\">\n\t\t\t<div class=\"elementor-spacer-inner\"><\/div>\n\t\t<\/div>\n\t\t\t\t\t\t<\/div>\n\t\t\t\t<\/div>\n\t\t\t\t\t<\/div>\n\t\t<\/div>\n\t\t\t\t\t<\/div>\n\t\t<\/section>\n\t\t\t\t<section class=\"elementor-section elementor-top-section elementor-element elementor-element-fd114ac elementor-section-boxed elementor-section-height-default elementor-section-height-default\" data-id=\"fd114ac\" data-element_type=\"section\" data-e-type=\"section\">\n\t\t\t\t\t\t<div class=\"elementor-container elementor-column-gap-default\">\n\t\t\t\t\t<div class=\"elementor-column elementor-col-100 elementor-top-column elementor-element elementor-element-c5b48f8\" data-id=\"c5b48f8\" data-element_type=\"column\" data-e-type=\"column\">\n\t\t\t<div class=\"elementor-widget-wrap elementor-element-populated\">\n\t\t\t\t\t\t<div class=\"elementor-element elementor-element-50dc638 elementor-widget elementor-widget-html\" data-id=\"50dc638\" data-element_type=\"widget\" data-e-type=\"widget\" data-widget_type=\"html.default\">\n\t\t\t\t<div class=\"elementor-widget-container\">\n\t\t\t\t\t<div id='tt_hat_installer' data-brand='Buderus' data-country='DE' data-slugName='schweitzerheizungsbaugmbh' data-lng='de-DE' data-technology='none' style=\"width: 100%;\"> <\/div>\r\n<script async defer type=\"text\/javascript\" src=\"https:\/\/sdk.thernovotools.com\/lib.sdk.frontend.js\"><\/script>\r\n\t\t\t\t<\/div>\n\t\t\t\t<\/div>\n\t\t\t\t\t<\/div>\n\t\t<\/div>\n\t\t\t\t\t<\/div>\n\t\t<\/section>\n\t\t\t\t<\/div>\n\t\t","protected":false},"excerpt":{"rendered":"<p>Sie brauchen eine Heizung oder wollen modernisieren? Ihre Vorteile sind sinkende Kosten, mehr Komfort und eine geringere Umweltbelastung.Wir zeigen Ihnen wie man die richtige Heizung finden und Energie sparen kann: \u00d6l\/Gasheizungen Brennwerttechnik Gas\/\u00d6l Kaminsanierung kontrollierte Wohnrauml\u00fcftung Klimaanlagen Pflanzen\u00f6lbrenner Kamin\u00f6fen f\u00fcr Holz und Pellets Luft\/Wasser W\u00e4rmepumpen f\u00fcr Innen-u. Au\u00dfenaufstellung Sole\/Wasser W\u00e4rmepumpen\u00a0f\u00fcr Tiefenbohrung oder Fl\u00e4chenlegung Wasser\/Wasser W\u00e4rmepumpen\u00a0f\u00fcr&hellip;<\/p>\n","protected":false},"author":1,"featured_media":0,"parent":0,"menu_order":0,"comment_status":"closed","ping_status":"closed","template":"","meta":{"footnotes":""},"class_list":["post-484","page","type-page","status-publish","hentry"],"_links":{"self":[{"href":"https:\/\/www.schweitzer-heizungsbau.de\/index.php\/wp-json\/wp\/v2\/pages\/484","targetHints":{"allow":["GET"]}}],"collection":[{"href":"https:\/\/www.schweitzer-heizungsbau.de\/index.php\/wp-json\/wp\/v2\/pages"}],"about":[{"href":"https:\/\/www.schweitzer-heizungsbau.de\/index.php\/wp-json\/wp\/v2\/types\/page"}],"author":[{"embeddable":true,"href":"https:\/\/www.schweitzer-heizungsbau.de\/index.php\/wp-json\/wp\/v2\/users\/1"}],"replies":[{"embeddable":true,"href":"https:\/\/www.schweitzer-heizungsbau.de\/index.php\/wp-json\/wp\/v2\/comments?post=484"}],"version-history":[{"count":6,"href":"https:\/\/www.schweitzer-heizungsbau.de\/index.php\/wp-json\/wp\/v2\/pages\/484\/revisions"}],"predecessor-version":[{"id":745,"href":"https:\/\/www.schweitzer-heizungsbau.de\/index.php\/wp-json\/wp\/v2\/pages\/484\/revisions\/745"}],"wp:attachment":[{"href":"https:\/\/www.schweitzer-heizungsbau.de\/index.php\/wp-json\/wp\/v2\/media?parent=484"}],"curies":[{"name":"wp","href":"https:\/\/api.w.org\/{rel}","templated":true}]}}