{"id":502,"date":"2021-08-30T13:23:49","date_gmt":"2021-08-30T13:23:49","guid":{"rendered":"https:\/\/www.schweitzer-heizungsbau.de\/?page_id=502"},"modified":"2021-09-07T09:34:25","modified_gmt":"2021-09-07T09:34:25","slug":"erneuerbare-energien","status":"publish","type":"page","link":"https:\/\/www.schweitzer-heizungsbau.de\/index.php\/erneuerbare-energien\/","title":{"rendered":"Erneuerbare Energien"},"content":{"rendered":"\t\t<div data-elementor-type=\"wp-page\" data-elementor-id=\"502\" class=\"elementor elementor-502\">\n\t\t\t\t\t\t<section class=\"elementor-section elementor-top-section elementor-element elementor-element-defc970 elementor-section-boxed elementor-section-height-default elementor-section-height-default\" data-id=\"defc970\" data-element_type=\"section\" data-e-type=\"section\">\n\t\t\t\t\t\t<div class=\"elementor-container elementor-column-gap-default\">\n\t\t\t\t\t<div class=\"elementor-column elementor-col-100 elementor-top-column elementor-element elementor-element-069b485\" data-id=\"069b485\" data-element_type=\"column\" data-e-type=\"column\">\n\t\t\t<div class=\"elementor-widget-wrap elementor-element-populated\">\n\t\t\t\t\t\t<div class=\"elementor-element elementor-element-bee4c6c elementor-widget elementor-widget-image\" data-id=\"bee4c6c\" data-element_type=\"widget\" data-e-type=\"widget\" data-widget_type=\"image.default\">\n\t\t\t\t<div class=\"elementor-widget-container\">\n\t\t\t\t\t\t\t\t\t\t\t\t\t\t\t<img fetchpriority=\"high\" decoding=\"async\" width=\"752\" height=\"512\" src=\"https:\/\/www.schweitzer-heizungsbau.de\/wp-content\/uploads\/2021\/08\/erneuerbare_energien1.jpg\" class=\"attachment-large size-large wp-image-506\" alt=\"Erneuerbare Energien1\" srcset=\"https:\/\/www.schweitzer-heizungsbau.de\/wp-content\/uploads\/2021\/08\/erneuerbare_energien1.jpg 752w, https:\/\/www.schweitzer-heizungsbau.de\/wp-content\/uploads\/2021\/08\/erneuerbare_energien1-300x204.jpg 300w\" sizes=\"(max-width: 752px) 100vw, 752px\" title=\"Erneuerbare Energien\">\t\t\t\t\t\t\t\t\t\t\t\t\t\t\t<\/div>\n\t\t\t\t<\/div>\n\t\t\t\t\t<\/div>\n\t\t<\/div>\n\t\t\t\t\t<\/div>\n\t\t<\/section>\n\t\t\t\t<section class=\"elementor-section elementor-top-section elementor-element elementor-element-669d6fb2 elementor-section-boxed elementor-section-height-default elementor-section-height-default\" data-id=\"669d6fb2\" data-element_type=\"section\" data-e-type=\"section\">\n\t\t\t\t\t\t<div class=\"elementor-container elementor-column-gap-default\">\n\t\t\t\t\t<div class=\"elementor-column elementor-col-100 elementor-top-column elementor-element elementor-element-77bf109b\" data-id=\"77bf109b\" data-element_type=\"column\" data-e-type=\"column\">\n\t\t\t<div class=\"elementor-widget-wrap elementor-element-populated\">\n\t\t\t\t\t\t<div class=\"elementor-element elementor-element-1e286dae elementor-widget elementor-widget-text-editor\" data-id=\"1e286dae\" data-element_type=\"widget\" data-e-type=\"widget\" data-widget_type=\"text-editor.default\">\n\t\t\t\t<div class=\"elementor-widget-container\">\n\t\t\t\t\t\t\t\t\t<ul><li>Luft\/Wasser W\u00e4rmepumpen\u00a0f\u00fcr Innen-u. Au\u00dfenaufstellung<\/li><li>Sole\/Wasser W\u00e4rmepumpen\u00a0f\u00fcr Tiefenbohrung oder Fl\u00e4chenlegung<\/li><li>Wasser\/Wasser W\u00e4rmepumpen\u00a0f\u00fcr Brunnenwasser<\/li><li>Luft-Wasser W\u00e4rmepumpen f\u00fcr Trinkwasser<\/li><li>Kombikessel Scheitholz (Fr\u00f6ling)<\/li><li>Pelletskessel (\u00d6kofen)<\/li><\/ul>\t\t\t\t\t\t\t\t<\/div>\n\t\t\t\t<\/div>\n\t\t\t\t\t<\/div>\n\t\t<\/div>\n\t\t\t\t\t<\/div>\n\t\t<\/section>\n\t\t\t\t<section class=\"elementor-section elementor-top-section elementor-element elementor-element-0f7d5c2 elementor-section-boxed elementor-section-height-default elementor-section-height-default\" data-id=\"0f7d5c2\" data-element_type=\"section\" data-e-type=\"section\">\n\t\t\t\t\t\t<div class=\"elementor-container elementor-column-gap-default\">\n\t\t\t\t\t<div class=\"elementor-column elementor-col-100 elementor-top-column elementor-element elementor-element-0ad2436\" data-id=\"0ad2436\" data-element_type=\"column\" data-e-type=\"column\">\n\t\t\t<div class=\"elementor-widget-wrap elementor-element-populated\">\n\t\t\t\t\t\t<section class=\"elementor-section elementor-inner-section elementor-element elementor-element-d1725fa elementor-section-boxed elementor-section-height-default elementor-section-height-default\" data-id=\"d1725fa\" data-element_type=\"section\" data-e-type=\"section\">\n\t\t\t\t\t\t<div class=\"elementor-container elementor-column-gap-default\">\n\t\t\t\t\t<div class=\"elementor-column elementor-col-50 elementor-inner-column elementor-element elementor-element-57d36b1\" data-id=\"57d36b1\" data-element_type=\"column\" data-e-type=\"column\">\n\t\t\t<div class=\"elementor-widget-wrap elementor-element-populated\">\n\t\t\t\t\t\t<div class=\"elementor-element elementor-element-f909bbc elementor-widget elementor-widget-image\" data-id=\"f909bbc\" data-element_type=\"widget\" data-e-type=\"widget\" data-widget_type=\"image.default\">\n\t\t\t\t<div class=\"elementor-widget-container\">\n\t\t\t\t\t\t\t\t\t\t\t\t\t\t\t<img decoding=\"async\" width=\"408\" height=\"483\" src=\"https:\/\/www.schweitzer-heizungsbau.de\/wp-content\/uploads\/2021\/08\/erneuerbare_energien2.png\" class=\"attachment-large size-large wp-image-505\" alt=\"Erneuerbare Energien2\" srcset=\"https:\/\/www.schweitzer-heizungsbau.de\/wp-content\/uploads\/2021\/08\/erneuerbare_energien2.png 408w, https:\/\/www.schweitzer-heizungsbau.de\/wp-content\/uploads\/2021\/08\/erneuerbare_energien2-253x300.png 253w\" sizes=\"(max-width: 408px) 100vw, 408px\" title=\"Erneuerbare Energien\">\t\t\t\t\t\t\t\t\t\t\t\t\t\t\t<\/div>\n\t\t\t\t<\/div>\n\t\t\t\t\t<\/div>\n\t\t<\/div>\n\t\t\t\t<div class=\"elementor-column elementor-col-50 elementor-inner-column elementor-element elementor-element-4ad5bf9\" data-id=\"4ad5bf9\" data-element_type=\"column\" data-e-type=\"column\">\n\t\t\t<div class=\"elementor-widget-wrap elementor-element-populated\">\n\t\t\t\t\t\t<div class=\"elementor-element elementor-element-2eeaaff elementor-widget elementor-widget-image\" data-id=\"2eeaaff\" data-element_type=\"widget\" data-e-type=\"widget\" data-widget_type=\"image.default\">\n\t\t\t\t<div class=\"elementor-widget-container\">\n\t\t\t\t\t\t\t\t\t\t\t\t\t\t\t<img decoding=\"async\" width=\"471\" height=\"456\" src=\"https:\/\/www.schweitzer-heizungsbau.de\/wp-content\/uploads\/2021\/08\/erneuerbare_energien3.png\" class=\"attachment-large size-large wp-image-504\" alt=\"Erneuerbare Energien3\" srcset=\"https:\/\/www.schweitzer-heizungsbau.de\/wp-content\/uploads\/2021\/08\/erneuerbare_energien3.png 471w, https:\/\/www.schweitzer-heizungsbau.de\/wp-content\/uploads\/2021\/08\/erneuerbare_energien3-300x290.png 300w\" sizes=\"(max-width: 471px) 100vw, 471px\" title=\"Erneuerbare Energien\">\t\t\t\t\t\t\t\t\t\t\t\t\t\t\t<\/div>\n\t\t\t\t<\/div>\n\t\t\t\t\t<\/div>\n\t\t<\/div>\n\t\t\t\t\t<\/div>\n\t\t<\/section>\n\t\t\t\t\t<\/div>\n\t\t<\/div>\n\t\t\t\t\t<\/div>\n\t\t<\/section>\n\t\t\t\t<\/div>\n\t\t","protected":false},"excerpt":{"rendered":"<p>Luft\/Wasser W\u00e4rmepumpen\u00a0f\u00fcr Innen-u. Au\u00dfenaufstellung Sole\/Wasser W\u00e4rmepumpen\u00a0f\u00fcr Tiefenbohrung oder Fl\u00e4chenlegung Wasser\/Wasser W\u00e4rmepumpen\u00a0f\u00fcr Brunnenwasser Luft-Wasser W\u00e4rmepumpen f\u00fcr Trinkwasser Kombikessel Scheitholz (Fr\u00f6ling) Pelletskessel (\u00d6kofen)<\/p>\n","protected":false},"author":1,"featured_media":0,"parent":0,"menu_order":0,"comment_status":"closed","ping_status":"closed","template":"","meta":{"footnotes":""},"class_list":["post-502","page","type-page","status-publish","hentry"],"_links":{"self":[{"href":"https:\/\/www.schweitzer-heizungsbau.de\/index.php\/wp-json\/wp\/v2\/pages\/502","targetHints":{"allow":["GET"]}}],"collection":[{"href":"https:\/\/www.schweitzer-heizungsbau.de\/index.php\/wp-json\/wp\/v2\/pages"}],"about":[{"href":"https:\/\/www.schweitzer-heizungsbau.de\/index.php\/wp-json\/wp\/v2\/types\/page"}],"author":[{"embeddable":true,"href":"https:\/\/www.schweitzer-heizungsbau.de\/index.php\/wp-json\/wp\/v2\/users\/1"}],"replies":[{"embeddable":true,"href":"https:\/\/www.schweitzer-heizungsbau.de\/index.php\/wp-json\/wp\/v2\/comments?post=502"}],"version-history":[{"count":0,"href":"https:\/\/www.schweitzer-heizungsbau.de\/index.php\/wp-json\/wp\/v2\/pages\/502\/revisions"}],"wp:attachment":[{"href":"https:\/\/www.schweitzer-heizungsbau.de\/index.php\/wp-json\/wp\/v2\/media?parent=502"}],"curies":[{"name":"wp","href":"https:\/\/api.w.org\/{rel}","templated":true}]}}