{"id":512,"date":"2021-08-30T14:18:30","date_gmt":"2021-08-30T14:18:30","guid":{"rendered":"https:\/\/www.schweitzer-heizungsbau.de\/?page_id=512"},"modified":"2021-09-07T07:08:02","modified_gmt":"2021-09-07T07:08:02","slug":"foerdermittel","status":"publish","type":"page","link":"https:\/\/www.schweitzer-heizungsbau.de\/index.php\/foerdermittel\/","title":{"rendered":"F\u00f6rdermittel"},"content":{"rendered":"\t\t<div data-elementor-type=\"wp-page\" data-elementor-id=\"512\" class=\"elementor elementor-512\">\n\t\t\t\t\t\t<section class=\"elementor-section elementor-top-section elementor-element elementor-element-defc970 elementor-section-boxed elementor-section-height-default elementor-section-height-default\" data-id=\"defc970\" data-element_type=\"section\" data-e-type=\"section\">\n\t\t\t\t\t\t<div class=\"elementor-container elementor-column-gap-default\">\n\t\t\t\t\t<div class=\"elementor-column elementor-col-100 elementor-top-column elementor-element elementor-element-069b485\" data-id=\"069b485\" data-element_type=\"column\" data-e-type=\"column\">\n\t\t\t<div class=\"elementor-widget-wrap elementor-element-populated\">\n\t\t\t\t\t\t<div class=\"elementor-element elementor-element-bee4c6c elementor-widget elementor-widget-image\" data-id=\"bee4c6c\" data-element_type=\"widget\" data-e-type=\"widget\" data-widget_type=\"image.default\">\n\t\t\t\t<div class=\"elementor-widget-container\">\n\t\t\t\t\t\t\t\t\t\t\t\t\t\t\t<img fetchpriority=\"high\" decoding=\"async\" width=\"923\" height=\"521\" src=\"https:\/\/www.schweitzer-heizungsbau.de\/wp-content\/uploads\/2021\/09\/oekofen.jpg\" class=\"attachment-large size-large wp-image-697\" alt=\"Oekofen\" srcset=\"https:\/\/www.schweitzer-heizungsbau.de\/wp-content\/uploads\/2021\/09\/oekofen.jpg 1000w, https:\/\/www.schweitzer-heizungsbau.de\/wp-content\/uploads\/2021\/09\/oekofen-300x169.jpg 300w, https:\/\/www.schweitzer-heizungsbau.de\/wp-content\/uploads\/2021\/09\/oekofen-768x433.jpg 768w, https:\/\/www.schweitzer-heizungsbau.de\/wp-content\/uploads\/2021\/09\/oekofen-720x405.jpg 720w\" sizes=\"(max-width: 923px) 100vw, 923px\" title=\"F\u00f6rdermittel\">\t\t\t\t\t\t\t\t\t\t\t\t\t\t\t<\/div>\n\t\t\t\t<\/div>\n\t\t\t\t\t<\/div>\n\t\t<\/div>\n\t\t\t\t\t<\/div>\n\t\t<\/section>\n\t\t\t\t<section class=\"elementor-section elementor-top-section elementor-element elementor-element-669d6fb2 elementor-section-boxed elementor-section-height-default elementor-section-height-default\" data-id=\"669d6fb2\" data-element_type=\"section\" data-e-type=\"section\">\n\t\t\t\t\t\t<div class=\"elementor-container elementor-column-gap-default\">\n\t\t\t\t\t<div class=\"elementor-column elementor-col-100 elementor-top-column elementor-element elementor-element-77bf109b\" data-id=\"77bf109b\" data-element_type=\"column\" data-e-type=\"column\">\n\t\t\t<div class=\"elementor-widget-wrap elementor-element-populated\">\n\t\t\t\t\t\t<div class=\"elementor-element elementor-element-1e286dae elementor-widget elementor-widget-text-editor\" data-id=\"1e286dae\" data-element_type=\"widget\" data-e-type=\"widget\" data-widget_type=\"text-editor.default\">\n\t\t\t\t<div class=\"elementor-widget-container\">\n\t\t\t\t\t\t\t\t\t<p>Die \u00dcbersicht zur F\u00f6rderung von Ma\u00dfnahmen zur Nutzung erneuerbarer Energien finden Sie auf der Internetseite des Bundesamt f\u00fcr Wirtschaft und Ausfuhrkontrolle (<a href=\"https:\/\/www.bafa.de\" target=\"_blank\" rel=\"noopener\">www.bafa.de<\/a>)<\/p><p>Wir unterst\u00fctzen Sie bei der F\u00f6rderung!<\/p>\t\t\t\t\t\t\t\t<\/div>\n\t\t\t\t<\/div>\n\t\t\t\t\t<\/div>\n\t\t<\/div>\n\t\t\t\t\t<\/div>\n\t\t<\/section>\n\t\t\t\t<\/div>\n\t\t","protected":false},"excerpt":{"rendered":"<p>Die \u00dcbersicht zur F\u00f6rderung von Ma\u00dfnahmen zur Nutzung erneuerbarer Energien finden Sie auf der Internetseite des Bundesamt f\u00fcr Wirtschaft und Ausfuhrkontrolle (www.bafa.de) Wir unterst\u00fctzen Sie bei der F\u00f6rderung!<\/p>\n","protected":false},"author":1,"featured_media":0,"parent":0,"menu_order":0,"comment_status":"closed","ping_status":"closed","template":"","meta":{"footnotes":""},"class_list":["post-512","page","type-page","status-publish","hentry"],"_links":{"self":[{"href":"https:\/\/www.schweitzer-heizungsbau.de\/index.php\/wp-json\/wp\/v2\/pages\/512","targetHints":{"allow":["GET"]}}],"collection":[{"href":"https:\/\/www.schweitzer-heizungsbau.de\/index.php\/wp-json\/wp\/v2\/pages"}],"about":[{"href":"https:\/\/www.schweitzer-heizungsbau.de\/index.php\/wp-json\/wp\/v2\/types\/page"}],"author":[{"embeddable":true,"href":"https:\/\/www.schweitzer-heizungsbau.de\/index.php\/wp-json\/wp\/v2\/users\/1"}],"replies":[{"embeddable":true,"href":"https:\/\/www.schweitzer-heizungsbau.de\/index.php\/wp-json\/wp\/v2\/comments?post=512"}],"version-history":[{"count":0,"href":"https:\/\/www.schweitzer-heizungsbau.de\/index.php\/wp-json\/wp\/v2\/pages\/512\/revisions"}],"wp:attachment":[{"href":"https:\/\/www.schweitzer-heizungsbau.de\/index.php\/wp-json\/wp\/v2\/media?parent=512"}],"curies":[{"name":"wp","href":"https:\/\/api.w.org\/{rel}","templated":true}]}}