{"id":528,"date":"2021-08-30T14:46:33","date_gmt":"2021-08-30T14:46:33","guid":{"rendered":"https:\/\/www.schweitzer-heizungsbau.de\/?page_id=528"},"modified":"2021-09-07T09:37:28","modified_gmt":"2021-09-07T09:37:28","slug":"enthaertungsanlagen","status":"publish","type":"page","link":"https:\/\/www.schweitzer-heizungsbau.de\/index.php\/enthaertungsanlagen\/","title":{"rendered":"Enth\u00e4rtungsanlagen"},"content":{"rendered":"\t\t<div data-elementor-type=\"wp-page\" data-elementor-id=\"528\" class=\"elementor elementor-528\">\n\t\t\t\t\t\t<section class=\"elementor-section elementor-top-section elementor-element elementor-element-871ad1c elementor-section-boxed elementor-section-height-default elementor-section-height-default\" data-id=\"871ad1c\" data-element_type=\"section\" data-e-type=\"section\">\n\t\t\t\t\t\t<div class=\"elementor-container elementor-column-gap-default\">\n\t\t\t\t\t<div class=\"elementor-column elementor-col-100 elementor-top-column elementor-element elementor-element-0d5a58f\" data-id=\"0d5a58f\" data-element_type=\"column\" data-e-type=\"column\">\n\t\t\t<div class=\"elementor-widget-wrap elementor-element-populated\">\n\t\t\t\t\t\t<section class=\"elementor-section elementor-inner-section elementor-element elementor-element-c5bb969 elementor-section-boxed elementor-section-height-default elementor-section-height-default\" data-id=\"c5bb969\" data-element_type=\"section\" data-e-type=\"section\">\n\t\t\t\t\t\t<div class=\"elementor-container elementor-column-gap-default\">\n\t\t\t\t\t<div class=\"elementor-column elementor-col-50 elementor-inner-column elementor-element elementor-element-4636fd1\" data-id=\"4636fd1\" data-element_type=\"column\" data-e-type=\"column\">\n\t\t\t<div class=\"elementor-widget-wrap elementor-element-populated\">\n\t\t\t\t\t\t<div class=\"elementor-element elementor-element-49c5900 elementor-widget elementor-widget-image\" data-id=\"49c5900\" data-element_type=\"widget\" data-e-type=\"widget\" data-widget_type=\"image.default\">\n\t\t\t\t<div class=\"elementor-widget-container\">\n\t\t\t\t\t\t\t\t\t\t\t\t\t\t\t<img decoding=\"async\" src=\"https:\/\/www.schweitzer-heizungsbau.de\/wp-content\/uploads\/2021\/09\/enthaertungsanlage1.png\" title=\"enthaertungsanlage1\" alt=\"enthaertungsanlage1\" loading=\"lazy\" \/>\t\t\t\t\t\t\t\t\t\t\t\t\t\t\t<\/div>\n\t\t\t\t<\/div>\n\t\t\t\t\t<\/div>\n\t\t<\/div>\n\t\t\t\t<div class=\"elementor-column elementor-col-50 elementor-inner-column elementor-element elementor-element-0bb02d1\" data-id=\"0bb02d1\" data-element_type=\"column\" data-e-type=\"column\">\n\t\t\t<div class=\"elementor-widget-wrap elementor-element-populated\">\n\t\t\t\t\t\t<div class=\"elementor-element elementor-element-a085b5a elementor-widget elementor-widget-text-editor\" data-id=\"a085b5a\" data-element_type=\"widget\" data-e-type=\"widget\" data-widget_type=\"text-editor.default\">\n\t\t\t\t<div class=\"elementor-widget-container\">\n\t\t\t\t\t\t\t\t\t<p>Mit weichem Wasser das Leben versch\u00f6nern. Egal ob mit Enth\u00e4rtungsanlagen oder Kalkschutzger\u00e4ten, aber nur mit gepr\u00fcfter und DVGW zugelassener Qualit\u00e4t.<\/p><p>\u00a0<\/p><ul><li>Weichwasseranlagen<\/li><li>Kalk- und Korrosionsschutzanlagen<\/li><li>Vitalisierung des Wassers<\/li><\/ul>\t\t\t\t\t\t\t\t<\/div>\n\t\t\t\t<\/div>\n\t\t\t\t\t<\/div>\n\t\t<\/div>\n\t\t\t\t\t<\/div>\n\t\t<\/section>\n\t\t\t\t\t<\/div>\n\t\t<\/div>\n\t\t\t\t\t<\/div>\n\t\t<\/section>\n\t\t\t\t<\/div>\n\t\t","protected":false},"excerpt":{"rendered":"<p>Mit weichem Wasser das Leben versch\u00f6nern. Egal ob mit Enth\u00e4rtungsanlagen oder Kalkschutzger\u00e4ten, aber nur mit gepr\u00fcfter und DVGW zugelassener Qualit\u00e4t. \u00a0 Weichwasseranlagen Kalk- und Korrosionsschutzanlagen Vitalisierung des Wassers<\/p>\n","protected":false},"author":1,"featured_media":0,"parent":0,"menu_order":0,"comment_status":"closed","ping_status":"closed","template":"","meta":{"footnotes":""},"class_list":["post-528","page","type-page","status-publish","hentry"],"_links":{"self":[{"href":"https:\/\/www.schweitzer-heizungsbau.de\/index.php\/wp-json\/wp\/v2\/pages\/528","targetHints":{"allow":["GET"]}}],"collection":[{"href":"https:\/\/www.schweitzer-heizungsbau.de\/index.php\/wp-json\/wp\/v2\/pages"}],"about":[{"href":"https:\/\/www.schweitzer-heizungsbau.de\/index.php\/wp-json\/wp\/v2\/types\/page"}],"author":[{"embeddable":true,"href":"https:\/\/www.schweitzer-heizungsbau.de\/index.php\/wp-json\/wp\/v2\/users\/1"}],"replies":[{"embeddable":true,"href":"https:\/\/www.schweitzer-heizungsbau.de\/index.php\/wp-json\/wp\/v2\/comments?post=528"}],"version-history":[{"count":0,"href":"https:\/\/www.schweitzer-heizungsbau.de\/index.php\/wp-json\/wp\/v2\/pages\/528\/revisions"}],"wp:attachment":[{"href":"https:\/\/www.schweitzer-heizungsbau.de\/index.php\/wp-json\/wp\/v2\/media?parent=528"}],"curies":[{"name":"wp","href":"https:\/\/api.w.org\/{rel}","templated":true}]}}