{"id":566,"date":"2021-08-31T11:38:14","date_gmt":"2021-08-31T11:38:14","guid":{"rendered":"https:\/\/www.schweitzer-heizungsbau.de\/?page_id=566"},"modified":"2021-08-31T11:40:37","modified_gmt":"2021-08-31T11:40:37","slug":"unser-unternehmen","status":"publish","type":"page","link":"https:\/\/www.schweitzer-heizungsbau.de\/index.php\/unser-unternehmen\/","title":{"rendered":"Unser Unternehmen"},"content":{"rendered":"\t\t<div data-elementor-type=\"wp-page\" data-elementor-id=\"566\" class=\"elementor elementor-566\">\n\t\t\t\t\t\t<section class=\"elementor-section elementor-top-section elementor-element elementor-element-defc970 elementor-section-boxed elementor-section-height-default elementor-section-height-default\" data-id=\"defc970\" data-element_type=\"section\" data-e-type=\"section\">\n\t\t\t\t\t\t<div class=\"elementor-container elementor-column-gap-default\">\n\t\t\t\t\t<div class=\"elementor-column elementor-col-100 elementor-top-column elementor-element elementor-element-069b485\" data-id=\"069b485\" data-element_type=\"column\" data-e-type=\"column\">\n\t\t\t<div class=\"elementor-widget-wrap elementor-element-populated\">\n\t\t\t\t\t\t<div class=\"elementor-element elementor-element-bee4c6c elementor-widget elementor-widget-image\" data-id=\"bee4c6c\" data-element_type=\"widget\" data-e-type=\"widget\" data-widget_type=\"image.default\">\n\t\t\t\t<div class=\"elementor-widget-container\">\n\t\t\t\t\t\t\t\t\t\t\t\t\t\t\t<img fetchpriority=\"high\" decoding=\"async\" width=\"500\" height=\"382\" src=\"https:\/\/www.schweitzer-heizungsbau.de\/wp-content\/uploads\/2021\/06\/markt.jpg\" class=\"attachment-large size-large wp-image-310\" alt=\"Markt\" srcset=\"https:\/\/www.schweitzer-heizungsbau.de\/wp-content\/uploads\/2021\/06\/markt.jpg 500w, https:\/\/www.schweitzer-heizungsbau.de\/wp-content\/uploads\/2021\/06\/markt-300x229.jpg 300w\" sizes=\"(max-width: 500px) 100vw, 500px\" title=\"Unser Unternehmen\">\t\t\t\t\t\t\t\t\t\t\t\t\t\t\t<\/div>\n\t\t\t\t<\/div>\n\t\t\t\t\t<\/div>\n\t\t<\/div>\n\t\t\t\t\t<\/div>\n\t\t<\/section>\n\t\t\t\t<section class=\"elementor-section elementor-top-section elementor-element elementor-element-669d6fb2 elementor-section-boxed elementor-section-height-default elementor-section-height-default\" data-id=\"669d6fb2\" data-element_type=\"section\" data-e-type=\"section\">\n\t\t\t\t\t\t<div class=\"elementor-container elementor-column-gap-default\">\n\t\t\t\t\t<div class=\"elementor-column elementor-col-100 elementor-top-column elementor-element elementor-element-77bf109b\" data-id=\"77bf109b\" data-element_type=\"column\" data-e-type=\"column\">\n\t\t\t<div class=\"elementor-widget-wrap elementor-element-populated\">\n\t\t\t\t\t\t<div class=\"elementor-element elementor-element-1e286dae elementor-widget elementor-widget-text-editor\" data-id=\"1e286dae\" data-element_type=\"widget\" data-e-type=\"widget\" data-widget_type=\"text-editor.default\">\n\t\t\t\t<div class=\"elementor-widget-container\">\n\t\t\t\t\t\t\t\t\t<p>Die Firma Schweitzer-Heizungsbau wurde 1974 in Allendorf von Gerd Schweitzer (Meister f\u00fcr Gas-Wasserinstallation und Meister f\u00fcr Zentralheizungs- und L\u00fcftungsbau) gegr\u00fcndet. Im April 2000 folgte der Umzug nach Katzenelnbogen in die neu erbaute B\u00e4derausstellung mit Abholmarkt.<\/p>\n<p>2007 wurde die Gesch\u00e4ftsf\u00fchrung an seinen Sohn, Kai-Uwe Schweitzer (Meister f\u00fcr Gas-Wasserinstallation) \u00fcbergeben. Im Jahre 2014 kam Schwester Jasmin Schweitzer (Diplom-Wirtschaftsjuristin FH) als kaufm\u00e4nnische Gesch\u00e4ftsleitung zum Unternehmen. Sein Sohn Lennart Schweitzer (Gro\u00df- und Au\u00dfenhandelskaufmann) begann die 2. Ausbildung als Anlagenmechaniker SHK im August 2020 im Familienunternehmen. Unser Ansprechpartner Stefan B\u00f6hme \u00fcbernimmt die fachliche Beratung und die kaufm\u00e4nnische Abwicklung im B\u00fcro. Unsere Monteure sind f\u00fcr den fachgerechten Einbau der B\u00e4der und Heizungsanlagen zust\u00e4ndig. Auch in Corona-Zeiten sind unsere Ausbildungspl\u00e4tze sicher. Mit unseren 3 Auszubildenden stehen wir f\u00fcr Zukunft, Bildung und F\u00f6rderung des Fachkr\u00e4ftemangels!<\/p>\n<p><b>Zusammen bilden alle Mitarbeiter ein starkes Team.<\/b><\/p>\t\t\t\t\t\t\t\t<\/div>\n\t\t\t\t<\/div>\n\t\t\t\t\t<\/div>\n\t\t<\/div>\n\t\t\t\t\t<\/div>\n\t\t<\/section>\n\t\t\t\t<\/div>\n\t\t","protected":false},"excerpt":{"rendered":"<p>Die Firma Schweitzer-Heizungsbau wurde 1974 in Allendorf von Gerd Schweitzer (Meister f\u00fcr Gas-Wasserinstallation und Meister f\u00fcr Zentralheizungs- und L\u00fcftungsbau) gegr\u00fcndet. Im April 2000 folgte der Umzug nach Katzenelnbogen in die neu erbaute B\u00e4derausstellung mit Abholmarkt. 2007 wurde die Gesch\u00e4ftsf\u00fchrung an seinen Sohn, Kai-Uwe Schweitzer (Meister f\u00fcr Gas-Wasserinstallation) \u00fcbergeben. Im Jahre 2014 kam Schwester Jasmin Schweitzer&hellip;<\/p>\n","protected":false},"author":1,"featured_media":0,"parent":0,"menu_order":0,"comment_status":"closed","ping_status":"closed","template":"","meta":{"footnotes":""},"class_list":["post-566","page","type-page","status-publish","hentry"],"_links":{"self":[{"href":"https:\/\/www.schweitzer-heizungsbau.de\/index.php\/wp-json\/wp\/v2\/pages\/566","targetHints":{"allow":["GET"]}}],"collection":[{"href":"https:\/\/www.schweitzer-heizungsbau.de\/index.php\/wp-json\/wp\/v2\/pages"}],"about":[{"href":"https:\/\/www.schweitzer-heizungsbau.de\/index.php\/wp-json\/wp\/v2\/types\/page"}],"author":[{"embeddable":true,"href":"https:\/\/www.schweitzer-heizungsbau.de\/index.php\/wp-json\/wp\/v2\/users\/1"}],"replies":[{"embeddable":true,"href":"https:\/\/www.schweitzer-heizungsbau.de\/index.php\/wp-json\/wp\/v2\/comments?post=566"}],"version-history":[{"count":0,"href":"https:\/\/www.schweitzer-heizungsbau.de\/index.php\/wp-json\/wp\/v2\/pages\/566\/revisions"}],"wp:attachment":[{"href":"https:\/\/www.schweitzer-heizungsbau.de\/index.php\/wp-json\/wp\/v2\/media?parent=566"}],"curies":[{"name":"wp","href":"https:\/\/api.w.org\/{rel}","templated":true}]}}