{"id":648,"date":"2021-08-31T15:02:18","date_gmt":"2021-08-31T15:02:18","guid":{"rendered":"https:\/\/www.schweitzer-heizungsbau.de\/?page_id=648"},"modified":"2021-08-31T15:09:21","modified_gmt":"2021-08-31T15:09:21","slug":"impressum","status":"publish","type":"page","link":"https:\/\/www.schweitzer-heizungsbau.de\/index.php\/impressum\/","title":{"rendered":"Impressum"},"content":{"rendered":"\t\t<div data-elementor-type=\"wp-page\" data-elementor-id=\"648\" class=\"elementor elementor-648\">\n\t\t\t\t\t\t<section class=\"elementor-section elementor-top-section elementor-element elementor-element-3892a8e elementor-section-boxed elementor-section-height-default elementor-section-height-default\" data-id=\"3892a8e\" data-element_type=\"section\" data-e-type=\"section\">\n\t\t\t\t\t\t<div class=\"elementor-container elementor-column-gap-default\">\n\t\t\t\t\t<div class=\"elementor-column elementor-col-100 elementor-top-column elementor-element elementor-element-4ee3e4db\" data-id=\"4ee3e4db\" data-element_type=\"column\" data-e-type=\"column\">\n\t\t\t<div class=\"elementor-widget-wrap elementor-element-populated\">\n\t\t\t\t\t\t<section class=\"elementor-section elementor-inner-section elementor-element elementor-element-714947f9 elementor-section-boxed elementor-section-height-default elementor-section-height-default\" data-id=\"714947f9\" data-element_type=\"section\" data-e-type=\"section\">\n\t\t\t\t\t\t<div class=\"elementor-container elementor-column-gap-default\">\n\t\t\t\t\t<div class=\"elementor-column elementor-col-50 elementor-inner-column elementor-element elementor-element-65688fd8\" data-id=\"65688fd8\" data-element_type=\"column\" data-e-type=\"column\">\n\t\t\t<div class=\"elementor-widget-wrap elementor-element-populated\">\n\t\t\t\t\t\t<div class=\"elementor-element elementor-element-588a131b elementor-widget elementor-widget-text-editor\" data-id=\"588a131b\" data-element_type=\"widget\" data-e-type=\"widget\" data-widget_type=\"text-editor.default\">\n\t\t\t\t<div class=\"elementor-widget-container\">\n\t\t\t\t\t\t\t\t\t<p>Schweitzer-Heizungsbau GmbH<br \/><span style=\"letter-spacing: 0px;\">Am Hohlweg 2<br \/><\/span><span style=\"letter-spacing: 0px;\">56368 Katzenelnbogen<\/span><\/p><p>\u00a0<\/p><p>Telefon: +49 (0) 64 86 \/ 90 02 0<br \/><span style=\"letter-spacing: 0px;\">Telefax: +49 (0) 64 86 \/ 15 37<br \/><\/span><span style=\"letter-spacing: 0px;\">E-Mail: info@schweitzer-heizungsbau.de<\/span><\/p><p><b>Vertretungsberechtigter Gesch\u00e4ftsf\u00fchrer<\/b><br \/>Kai-Uwe Schweitzer<\/p><p>\u00a0<\/p><p><b>Registergericht<br \/><\/b><span style=\"letter-spacing: 0px;\">Amtsgericht Montabaur<\/span><\/p><p><b>Registernummer<\/b><br \/>HRB 3112<\/p><p><b style=\"font-size: 17px; letter-spacing: 0.2px;\">Umsatzsteuer-Identifikationsnummer<\/b><br \/><span style=\"font-size: 17px; letter-spacing: 0.2px;\">DE 149320484<\/span><\/p><p><span style=\"font-size: 17px; letter-spacing: 0.2px;\">\u00a0<\/span><\/p><p><b>Streitschlichtung<\/b><\/p><p>Wir sind nicht bereit oder verpflichtet, an Streitbeilegungsverfahren vor einer Verbraucherschlichtungsstelle teilzunehmen.<\/p><p>\u00a0<\/p><p><b>Copyright<\/b><\/p><p>\u00a0<\/p><p><b>Webmaster:<\/b><br \/>interatmedia gmbh &amp; co. kg<br \/><a href=\"https:\/\/www.interatmedia.de\" target=\"_blank\" rel=\"noopener\">www.interatmedia.de<\/a><\/p>\t\t\t\t\t\t\t\t<\/div>\n\t\t\t\t<\/div>\n\t\t\t\t\t<\/div>\n\t\t<\/div>\n\t\t\t\t<div class=\"elementor-column elementor-col-50 elementor-inner-column elementor-element elementor-element-12f94af\" data-id=\"12f94af\" data-element_type=\"column\" data-e-type=\"column\">\n\t\t\t<div class=\"elementor-widget-wrap elementor-element-populated\">\n\t\t\t\t\t\t<div class=\"elementor-element elementor-element-1763b632 elementor-widget elementor-widget-text-editor\" data-id=\"1763b632\" data-element_type=\"widget\" data-e-type=\"widget\" data-widget_type=\"text-editor.default\">\n\t\t\t\t<div class=\"elementor-widget-container\">\n\t\t\t\t\t\t\t\t\t<p><b style=\"font-size: 16px; color: var( --e-global-color-text );\">Urheberrecht<\/b><br><\/p><p><span style=\"font-size: 17px; letter-spacing: 0.2px;\">Die durch die Seitenbetreiber erstellten Inhalte und Werke auf diesen Seiten unterliegen dem deutschen Urheberrecht. Die Vervielf\u00e4ltigung, Bearbeitung, Verbreitung und jede Art der Verwertung au\u00dferhalb der Grenzen des Urheberrechtes bed\u00fcrfen der schriftlichen Zustimmung des jeweiligen Autors bzw. Erstellers. Downloads und Kopien dieser Seite sind nur f\u00fcr den privaten, nicht kommerziellen Gebrauch gestattet. Soweit die Inhalte auf dieser Seite nicht vom Betreiber erstellt wurden, werden die Urheberrechte Dritter beachtet. Insbesondere werden Inhalte Dritter als solche gekennzeichnet. Sollten Sie trotzdem auf eine Urheberrechtsverletzung aufmerksam werden, bitten wir um einen entsprechenden Hinweis. Bei Bekanntwerden von Rechtsverletzungen werden wir derartige Inhalte umgehend entfernen.<\/span><\/p>\t\t\t\t\t\t\t\t<\/div>\n\t\t\t\t<\/div>\n\t\t\t\t\t<\/div>\n\t\t<\/div>\n\t\t\t\t\t<\/div>\n\t\t<\/section>\n\t\t\t\t\t<\/div>\n\t\t<\/div>\n\t\t\t\t\t<\/div>\n\t\t<\/section>\n\t\t\t\t<\/div>\n\t\t","protected":false},"excerpt":{"rendered":"<p>Schweitzer-Heizungsbau GmbHAm Hohlweg 256368 Katzenelnbogen \u00a0 Telefon: +49 (0) 64 86 \/ 90 02 0Telefax: +49 (0) 64 86 \/ 15 37E-Mail: info@schweitzer-heizungsbau.de Vertretungsberechtigter Gesch\u00e4ftsf\u00fchrerKai-Uwe Schweitzer \u00a0 RegistergerichtAmtsgericht Montabaur RegisternummerHRB 3112 Umsatzsteuer-IdentifikationsnummerDE 149320484 \u00a0 Streitschlichtung Wir sind nicht bereit oder verpflichtet, an Streitbeilegungsverfahren vor einer Verbraucherschlichtungsstelle teilzunehmen. \u00a0 Copyright \u00a0 Webmaster:interatmedia gmbh &amp; co. kgwww.interatmedia.de&hellip;<\/p>\n","protected":false},"author":1,"featured_media":0,"parent":0,"menu_order":0,"comment_status":"closed","ping_status":"closed","template":"","meta":{"footnotes":""},"class_list":["post-648","page","type-page","status-publish","hentry"],"_links":{"self":[{"href":"https:\/\/www.schweitzer-heizungsbau.de\/index.php\/wp-json\/wp\/v2\/pages\/648","targetHints":{"allow":["GET"]}}],"collection":[{"href":"https:\/\/www.schweitzer-heizungsbau.de\/index.php\/wp-json\/wp\/v2\/pages"}],"about":[{"href":"https:\/\/www.schweitzer-heizungsbau.de\/index.php\/wp-json\/wp\/v2\/types\/page"}],"author":[{"embeddable":true,"href":"https:\/\/www.schweitzer-heizungsbau.de\/index.php\/wp-json\/wp\/v2\/users\/1"}],"replies":[{"embeddable":true,"href":"https:\/\/www.schweitzer-heizungsbau.de\/index.php\/wp-json\/wp\/v2\/comments?post=648"}],"version-history":[{"count":0,"href":"https:\/\/www.schweitzer-heizungsbau.de\/index.php\/wp-json\/wp\/v2\/pages\/648\/revisions"}],"wp:attachment":[{"href":"https:\/\/www.schweitzer-heizungsbau.de\/index.php\/wp-json\/wp\/v2\/media?parent=648"}],"curies":[{"name":"wp","href":"https:\/\/api.w.org\/{rel}","templated":true}]}}